{"id":397,"date":"2024-10-17T18:05:07","date_gmt":"2024-10-17T18:05:07","guid":{"rendered":"https:\/\/nuvoridesign.com\/?page_id=397"},"modified":"2024-12-27T10:53:54","modified_gmt":"2024-12-27T10:53:54","slug":"fotografia-inmobiliaria-y-estilismo","status":"publish","type":"page","link":"https:\/\/nuvoridesign.com\/en\/fotografia-inmobiliaria-y-estilismo\/","title":{"rendered":"Real Estate Photography and Styling"},"content":{"rendered":"<div data-elementor-type=\"wp-page\" data-elementor-id=\"397\" class=\"elementor elementor-397\" data-elementor-post-type=\"page\">\n\t\t\t\t<div class=\"elementor-element elementor-element-d3cb815 e-flex e-con-boxed e-con e-parent\" data-id=\"d3cb815\" data-element_type=\"container\" data-settings=\"{&quot;background_background&quot;:&quot;classic&quot;}\">\n\t\t\t\t\t<div class=\"e-con-inner\">\n\t\t<div class=\"elementor-element elementor-element-faca151 e-con-full e-flex e-con e-child\" data-id=\"faca151\" data-element_type=\"container\" data-settings=\"{&quot;background_background&quot;:&quot;classic&quot;}\">\n\t\t<div class=\"elementor-element elementor-element-6ab86c8 e-con-full e-flex e-con e-child\" data-id=\"6ab86c8\" data-element_type=\"container\">\n\t\t\t\t<div class=\"elementor-element elementor-element-ea0436f elementor-widget elementor-widget-heading\" data-id=\"ea0436f\" data-element_type=\"widget\" data-widget_type=\"heading.default\">\n\t\t\t\t<div class=\"elementor-widget-container\">\n\t\t\t<h1 class=\"elementor-heading-title elementor-size-default\">Photography <br>Real estate and styling<\/h1>\t\t<\/div>\n\t\t\t\t<\/div>\n\t\t\t\t<\/div>\n\t\t\t\t<\/div>\n\t\t\t\t\t<\/div>\n\t\t\t\t<\/div>\n\t\t<div class=\"elementor-element elementor-element-34af208 e-flex e-con-boxed e-con e-parent\" data-id=\"34af208\" data-element_type=\"container\">\n\t\t\t\t\t<div class=\"e-con-inner\">\n\t\t<div class=\"elementor-element elementor-element-f6cf490 e-con-full e-flex e-con e-child\" data-id=\"f6cf490\" data-element_type=\"container\">\n\t\t<div class=\"elementor-element elementor-element-7902877 e-con-full e-flex e-con e-child\" data-id=\"7902877\" data-element_type=\"container\">\n\t\t<div class=\"elementor-element elementor-element-88d7760 e-con-full e-flex e-con e-child\" data-id=\"88d7760\" data-element_type=\"container\" data-settings=\"{&quot;background_background&quot;:&quot;classic&quot;}\">\n\t\t\t\t<div class=\"elementor-element elementor-element-75243b0 elementor-widget elementor-widget-image\" data-id=\"75243b0\" data-element_type=\"widget\" data-widget_type=\"image.default\">\n\t\t\t\t<div class=\"elementor-widget-container\">\n\t\t\t\t\t\t\t\t\t\t\t\t\t<img fetchpriority=\"high\" decoding=\"async\" width=\"800\" height=\"564\" src=\"https:\/\/nuvoridesign.com\/wp-content\/uploads\/2024\/11\/DSC0588-det.webp\" class=\"attachment-1536x1536 size-1536x1536 wp-image-824\" alt=\"\" srcset=\"https:\/\/nuvoridesign.com\/wp-content\/uploads\/2024\/11\/DSC0588-det.webp 800w, https:\/\/nuvoridesign.com\/wp-content\/uploads\/2024\/11\/DSC0588-det-300x212.webp 300w, https:\/\/nuvoridesign.com\/wp-content\/uploads\/2024\/11\/DSC0588-det-768x541.webp 768w\" sizes=\"(max-width: 800px) 100vw, 800px\" \/>\t\t\t\t\t\t\t\t\t\t\t\t\t<\/div>\n\t\t\t\t<\/div>\n\t\t\t\t<\/div>\n\t\t<div class=\"elementor-element elementor-element-46f0417 e-con-full e-flex e-con e-child\" data-id=\"46f0417\" data-element_type=\"container\" data-settings=\"{&quot;background_background&quot;:&quot;classic&quot;}\">\n\t\t\t\t<div class=\"elementor-element elementor-element-7dfb4a9 elementor-widget elementor-widget-heading\" data-id=\"7dfb4a9\" data-element_type=\"widget\" data-widget_type=\"heading.default\">\n\t\t\t\t<div class=\"elementor-widget-container\">\n\t\t\t<h2 class=\"elementor-heading-title elementor-size-default\">Styling that Inspires Personality<\/h2>\t\t<\/div>\n\t\t\t\t<\/div>\n\t\t\t\t<div class=\"elementor-element elementor-element-79a8b88 elementor-widget elementor-widget-text-editor\" data-id=\"79a8b88\" data-element_type=\"widget\" data-widget_type=\"text-editor.default\">\n\t\t\t\t<div class=\"elementor-widget-container\">\n\t\t\t\t\t\t\t<p>Our passion for styling is reflected in every project. From the choice of colour palette to the arrangement of each decorative object, we work to ensure that your space tells a unique and personal story. The right styling not only improvement, but also adds personality and character to each room.<\/p>\t\t\t\t\t\t<\/div>\n\t\t\t\t<\/div>\n\t\t\t\t<\/div>\n\t\t\t\t<\/div>\n\t\t\t\t<\/div>\n\t\t\t\t\t<\/div>\n\t\t\t\t<\/div>\n\t\t<div class=\"elementor-element elementor-element-41a7adc e-flex e-con-boxed e-con e-parent\" data-id=\"41a7adc\" data-element_type=\"container\">\n\t\t\t\t\t<div class=\"e-con-inner\">\n\t\t<div class=\"elementor-element elementor-element-27abcc8 e-con-full e-flex e-con e-child\" data-id=\"27abcc8\" data-element_type=\"container\">\n\t\t<div class=\"elementor-element elementor-element-e8a9a11 e-con-full e-flex e-con e-child\" data-id=\"e8a9a11\" data-element_type=\"container\">\n\t\t<div class=\"elementor-element elementor-element-6d1f4d4 e-con-full e-flex e-con e-child\" data-id=\"6d1f4d4\" data-element_type=\"container\" data-settings=\"{&quot;background_background&quot;:&quot;classic&quot;}\">\n\t\t\t\t<div class=\"elementor-element elementor-element-490b983 elementor-widget elementor-widget-heading\" data-id=\"490b983\" data-element_type=\"widget\" data-widget_type=\"heading.default\">\n\t\t\t\t<div class=\"elementor-widget-container\">\n\t\t\t<h2 class=\"elementor-heading-title elementor-size-default\">Capturing the Essence of Every Space<\/h2>\t\t<\/div>\n\t\t\t\t<\/div>\n\t\t\t\t<div class=\"elementor-element elementor-element-cf0e644 elementor-widget elementor-widget-text-editor\" data-id=\"cf0e644\" data-element_type=\"widget\" data-widget_type=\"text-editor.default\">\n\t\t\t\t<div class=\"elementor-widget-container\">\n\t\t\t\t\t\t\t<p>Our property photographers, especialized in real estate photography, know how to capture the essence of each space. Using lighting and composition techniques, we create images that bring out the best in your property, attracting potential buyers and elevating the presentation of your home. The image is the first contact between the client and the product on offer! Good images greatly improve the effectiveness of real estate advertising. This is the indispensable medium to transmit the results of Home Staging.<\/p>\t\t\t\t\t\t<\/div>\n\t\t\t\t<\/div>\n\t\t\t\t<\/div>\n\t\t<div class=\"elementor-element elementor-element-68ee4dd e-con-full e-flex e-con e-child\" data-id=\"68ee4dd\" data-element_type=\"container\" data-settings=\"{&quot;background_background&quot;:&quot;classic&quot;}\">\n\t\t\t\t<div class=\"elementor-element elementor-element-ebbcea9 elementor-widget elementor-widget-image\" data-id=\"ebbcea9\" data-element_type=\"widget\" data-widget_type=\"image.default\">\n\t\t\t\t<div class=\"elementor-widget-container\">\n\t\t\t\t\t\t\t\t\t\t\t\t\t<img decoding=\"async\" width=\"768\" height=\"1290\" src=\"https:\/\/nuvoridesign.com\/wp-content\/uploads\/2024\/11\/highquality-photograph-house-interior-768x1290.webp\" class=\"attachment-medium_large size-medium_large wp-image-830\" alt=\"\" srcset=\"https:\/\/nuvoridesign.com\/wp-content\/uploads\/2024\/11\/highquality-photograph-house-interior-768x1290.webp 768w, https:\/\/nuvoridesign.com\/wp-content\/uploads\/2024\/11\/highquality-photograph-house-interior-179x300.webp 179w, https:\/\/nuvoridesign.com\/wp-content\/uploads\/2024\/11\/highquality-photograph-house-interior-610x1024.webp 610w, https:\/\/nuvoridesign.com\/wp-content\/uploads\/2024\/11\/highquality-photograph-house-interior-915x1536.webp 915w, https:\/\/nuvoridesign.com\/wp-content\/uploads\/2024\/11\/highquality-photograph-house-interior-1220x2048.webp 1220w, https:\/\/nuvoridesign.com\/wp-content\/uploads\/2024\/11\/highquality-photograph-house-interior.webp 1500w\" sizes=\"(max-width: 768px) 100vw, 768px\" \/>\t\t\t\t\t\t\t\t\t\t\t\t\t<\/div>\n\t\t\t\t<\/div>\n\t\t\t\t<\/div>\n\t\t\t\t<\/div>\n\t\t\t\t<\/div>\n\t\t\t\t\t<\/div>\n\t\t\t\t<\/div>\n\t\t<div class=\"elementor-element elementor-element-521e33a e-con-full e-flex e-con e-parent\" data-id=\"521e33a\" data-element_type=\"container\">\n\t\t\t\t<div class=\"elementor-element elementor-element-b07d702 elementor-widget elementor-widget-template\" data-id=\"b07d702\" data-element_type=\"widget\" data-widget_type=\"template.default\">\n\t\t\t\t<div class=\"elementor-widget-container\">\n\t\t\t\t\t<div class=\"elementor-template\">\n\t\t\t\t\t<div data-elementor-type=\"container\" data-elementor-id=\"124\" class=\"elementor elementor-124\" data-elementor-post-type=\"elementor_library\">\n\t\t\t\t<div class=\"elementor-element elementor-element-b611d95 e-flex e-con-boxed e-con e-parent\" data-id=\"b611d95\" data-element_type=\"container\">\n\t\t\t\t\t<div class=\"e-con-inner\">\n\t\t<div class=\"elementor-element elementor-element-36673a5 e-con-full e-flex e-con e-child\" data-id=\"36673a5\" data-element_type=\"container\" data-settings=\"{&quot;background_background&quot;:&quot;classic&quot;}\">\n\t\t<div class=\"elementor-element elementor-element-03cf630 e-con-full e-flex e-con e-child\" data-id=\"03cf630\" data-element_type=\"container\">\n\t\t<div class=\"elementor-element elementor-element-1c282e2 e-con-full e-flex e-con e-child\" data-id=\"1c282e2\" data-element_type=\"container\">\n\t\t\t\t<div class=\"elementor-element elementor-element-dde9abb elementor-widget elementor-widget-text-editor\" data-id=\"dde9abb\" data-element_type=\"widget\" data-widget_type=\"text-editor.default\">\n\t\t\t\t<div class=\"elementor-widget-container\">\n\t\t\t\t\t\t\t<div id=\"1161899904\" class=\"dmNewParagraph u_1161899904\" data-element-type=\"paragraph\" data-version=\"5\"><p class=\"text-align-center size-28 m-size-22\"><span class=\"font-size-28 m-font-size-22\">We will be pleased to help you, please contact us at <a href=\"mailto:info@nuvoridesign.com\">info@nuvoridesign.com\u00a0<\/a> or from the following form.<\/span><\/p><\/div>\t\t\t\t\t\t<\/div>\n\t\t\t\t<\/div>\n\t\t\t\t<\/div>\n\t\t\t\t<\/div>\n\t\t<div class=\"elementor-element elementor-element-bb3cfae e-con-full e-flex e-con e-child\" data-id=\"bb3cfae\" data-element_type=\"container\">\n\t\t<div class=\"elementor-element elementor-element-b45aed9 e-con-full e-flex e-con e-child\" data-id=\"b45aed9\" data-element_type=\"container\">\n\t\t\t\t<div class=\"elementor-element elementor-element-c9b4a0c elementor-mobile-button-align-stretch elementor-button-align-stretch elementor-widget elementor-widget-form\" data-id=\"c9b4a0c\" data-element_type=\"widget\" data-settings=\"{&quot;step_next_label&quot;:&quot;Next&quot;,&quot;step_previous_label&quot;:&quot;Previous&quot;,&quot;step_type&quot;:&quot;number_text&quot;,&quot;step_icon_shape&quot;:&quot;circle&quot;}\" data-widget_type=\"form.default\">\n\t\t\t\t<div class=\"elementor-widget-container\">\n\t\t\t\t\t<form class=\"elementor-form\" method=\"post\" name=\"Contacto\" action=\"\">\n\t\t\t<input type=\"hidden\" name=\"post_id\" value=\"124\"\/>\n\t\t\t<input type=\"hidden\" name=\"form_id\" value=\"c9b4a0c\"\/>\n\t\t\t<input type=\"hidden\" name=\"referer_title\" value=\"\" \/>\n\n\t\t\t\n\t\t\t<div class=\"elementor-form-fields-wrapper elementor-labels-\">\n\t\t\t\t\t\t\t\t<div class=\"elementor-field-type-text elementor-field-group elementor-column elementor-field-group-name elementor-col-100 elementor-field-required\">\n\t\t\t\t\t\t\t\t\t\t\t\t\t<input size=\"1\" type=\"text\" name=\"form_fields[name]\" id=\"form-field-name\" class=\"elementor-field elementor-size-md  elementor-field-textual\" placeholder=\"Name\" required=\"required\" aria-required=\"true\">\n\t\t\t\t\t\t\t\t\t\t\t<\/div>\n\t\t\t\t\t\t\t\t<div class=\"elementor-field-type-email elementor-field-group elementor-column elementor-field-group-email elementor-col-100 elementor-field-required\">\n\t\t\t\t\t\t\t\t\t\t\t\t\t<input size=\"1\" type=\"email\" name=\"form_fields[email]\" id=\"form-field-email\" class=\"elementor-field elementor-size-md  elementor-field-textual\" placeholder=\"Email\" required=\"required\" aria-required=\"true\">\n\t\t\t\t\t\t\t\t\t\t\t<\/div>\n\t\t\t\t\t\t\t\t<div class=\"elementor-field-type-textarea elementor-field-group elementor-column elementor-field-group-message elementor-col-100 elementor-field-required\">\n\t\t\t\t\t<textarea class=\"elementor-field-textual elementor-field  elementor-size-md\" name=\"form_fields[message]\" id=\"form-field-message\" rows=\"3\" placeholder=\"Message\" required=\"required\" aria-required=\"true\"><\/textarea>\t\t\t\t<\/div>\n\t\t\t\t\t\t\t\t<div class=\"elementor-field-type-recaptcha_v3 elementor-field-group elementor-column elementor-field-group-field_adccb52 elementor-col-100 recaptcha_v3-bottomright\">\n\t\t\t\t\t<div class=\"elementor-field\" id=\"form-field-field_adccb52\"><div class=\"elementor-g-recaptcha\" data-sitekey=\"6LdfFgwqAAAAAMi_arQXLhV4APZeRqeXTaMQy3Fc\" data-type=\"v3\" data-action=\"Form\" data-badge=\"bottomright\" data-size=\"invisible\"><\/div><\/div>\t\t\t\t<\/div>\n\t\t\t\t\t\t\t\t<div class=\"elementor-field-type-acceptance elementor-field-group elementor-column elementor-field-group-field_286a279 elementor-col-100 elementor-field-required\">\n\t\t\t\t\t\t\t<div class=\"elementor-field-subgroup\">\n\t\t\t<span class=\"elementor-field-option\">\n\t\t\t\t<input type=\"checkbox\" name=\"form_fields[field_286a279]\" id=\"form-field-field_286a279\" class=\"elementor-field elementor-size-md  elementor-acceptance-field\" required=\"required\" aria-required=\"true\">\n\t\t\t\t<label for=\"form-field-field_286a279\">I have read and accept the <a href=\"https:\/\/nuvoridesign.com\/en\/politica-de-privacidad\/\" targetr=\"_blank\" style=\"color:#0c0c0c;text-decoration:none\">Privacy Policy<\/a><\/label>\t\t\t<\/span>\n\t\t<\/div>\n\t\t\t\t\t\t<\/div>\n\t\t\t\t\t\t\t\t<div class=\"elementor-field-group elementor-column elementor-field-type-submit elementor-col-100 e-form__buttons\">\n\t\t\t\t\t<button class=\"elementor-button elementor-size-sm\" type=\"submit\">\n\t\t\t\t\t\t<span class=\"elementor-button-content-wrapper\">\n\t\t\t\t\t\t\t\t\t\t\t\t\t\t\t<span class=\"elementor-button-icon\">\n\t\t\t\t\t\t\t\t\t<svg aria-hidden=\"true\" class=\"e-font-icon-svg e-fas-long-arrow-alt-right\" viewbox=\"0 0 448 512\" xmlns=\"http:\/\/www.w3.org\/2000\/svg\"><path d=\"M313.941 216H12c-6.627 0-12 5.373-12 12v56c0 6.627 5.373 12 12 12h301.941v46.059c0 21.382 25.851 32.09 40.971 16.971l86.059-86.059c9.373-9.373 9.373-24.569 0-33.941l-86.059-86.059c-15.119-15.119-40.971-4.411-40.971 16.971V216z\"><\/path><\/svg>\t\t\t\t\t\t\t\t\t\t\t\t\t\t\t\t\t<\/span>\n\t\t\t\t\t\t\t\t\t\t\t\t\t\t\t\t\t\t\t\t\t\t<span class=\"elementor-button-text\">send<\/span>\n\t\t\t\t\t\t\t\t\t\t\t\t\t<\/span>\n\t\t\t\t\t<\/button>\n\t\t\t\t<\/div>\n\t\t\t<\/div>\n\t\t<input type=\"hidden\" name=\"trp-form-language\" value=\"en\"\/><\/form>\n\t\t\t\t<\/div>\n\t\t\t\t<\/div>\n\t\t\t\t<\/div>\n\t\t\t\t<\/div>\n\t\t\t\t<\/div>\n\t\t<div class=\"elementor-element elementor-element-3bc81b1 e-con-full e-flex e-con e-child\" data-id=\"3bc81b1\" data-element_type=\"container\">\n\t\t<div class=\"elementor-element elementor-element-62326b8 e-con-full e-flex e-con e-child\" data-id=\"62326b8\" data-element_type=\"container\">\n\t\t<div class=\"elementor-element elementor-element-b1de4b2 e-con-full e-flex e-con e-child\" data-id=\"b1de4b2\" data-element_type=\"container\" data-settings=\"{&quot;background_background&quot;:&quot;classic&quot;}\">\n\t\t\t\t<div class=\"elementor-element elementor-element-3abce7d elementor-widget elementor-widget-image\" data-id=\"3abce7d\" data-element_type=\"widget\" data-widget_type=\"image.default\">\n\t\t\t\t<div class=\"elementor-widget-container\">\n\t\t\t\t\t\t\t\t\t\t\t\t\t<img decoding=\"async\" width=\"698\" height=\"1047\" src=\"https:\/\/nuvoridesign.com\/wp-content\/uploads\/2024\/10\/Francesca.jpg\" class=\"attachment-full size-full wp-image-163\" alt=\"\" srcset=\"https:\/\/nuvoridesign.com\/wp-content\/uploads\/2024\/10\/Francesca.jpg 698w, https:\/\/nuvoridesign.com\/wp-content\/uploads\/2024\/10\/Francesca-200x300.jpg 200w, https:\/\/nuvoridesign.com\/wp-content\/uploads\/2024\/10\/Francesca-683x1024.jpg 683w\" sizes=\"(max-width: 698px) 100vw, 698px\" \/>\t\t\t\t\t\t\t\t\t\t\t\t\t<\/div>\n\t\t\t\t<\/div>\n\t\t\t\t<div class=\"elementor-element elementor-element-86610e1 elementor-widget elementor-widget-heading\" data-id=\"86610e1\" data-element_type=\"widget\" data-widget_type=\"heading.default\">\n\t\t\t\t<div class=\"elementor-widget-container\">\n\t\t\t<p class=\"elementor-heading-title elementor-size-default\">Francesca ROJAS<\/p>\t\t<\/div>\n\t\t\t\t<\/div>\n\t\t\t\t<div class=\"elementor-element elementor-element-9f363e4 elementor-widget elementor-widget-heading\" data-id=\"9f363e4\" data-element_type=\"widget\" data-widget_type=\"heading.default\">\n\t\t\t\t<div class=\"elementor-widget-container\">\n\t\t\t<p class=\"elementor-heading-title elementor-size-default\"><a href=\"mailto:francesca@nuvoridesign.com\">francesca@nuvoridesign.com<\/a><\/p>\t\t<\/div>\n\t\t\t\t<\/div>\n\t\t\t\t<div class=\"elementor-element elementor-element-ecafa1e elementor-widget elementor-widget-heading\" data-id=\"ecafa1e\" data-element_type=\"widget\" data-widget_type=\"heading.default\">\n\t\t\t\t<div class=\"elementor-widget-container\">\n\t\t\t<p class=\"elementor-heading-title elementor-size-default\"><a href=\"tel:34625462574\">+34 625 462 574<\/a><\/p>\t\t<\/div>\n\t\t\t\t<\/div>\n\t\t\t\t<div class=\"elementor-element elementor-element-4634506 elementor-align-center elementor-icon-list--layout-traditional elementor-list-item-link-full_width elementor-widget elementor-widget-icon-list\" data-id=\"4634506\" data-element_type=\"widget\" data-widget_type=\"icon-list.default\">\n\t\t\t\t<div class=\"elementor-widget-container\">\n\t\t\t\t\t<ul class=\"elementor-icon-list-items\">\n\t\t\t\t\t\t\t<li class=\"elementor-icon-list-item\">\n\t\t\t\t\t\t\t\t\t\t\t<a href=\"https:\/\/www.instagram.com\/francesca_home_stager\/\" target=\"_blank\" rel=\"noopener\">\n\n\t\t\t\t\t\t\t\t\t\t\t\t<span class=\"elementor-icon-list-icon\">\n\t\t\t\t\t\t\t<svg aria-hidden=\"true\" class=\"e-font-icon-svg e-fab-instagram\" viewbox=\"0 0 448 512\" xmlns=\"http:\/\/www.w3.org\/2000\/svg\"><path d=\"M224.1 141c-63.6 0-114.9 51.3-114.9 114.9s51.3 114.9 114.9 114.9S339 319.5 339 255.9 287.7 141 224.1 141zm0 189.6c-41.1 0-74.7-33.5-74.7-74.7s33.5-74.7 74.7-74.7 74.7 33.5 74.7 74.7-33.6 74.7-74.7 74.7zm146.4-194.3c0 14.9-12 26.8-26.8 26.8-14.9 0-26.8-12-26.8-26.8s12-26.8 26.8-26.8 26.8 12 26.8 26.8zm76.1 27.2c-1.7-35.9-9.9-67.7-36.2-93.9-26.2-26.2-58-34.4-93.9-36.2-37-2.1-147.9-2.1-184.9 0-35.8 1.7-67.6 9.9-93.9 36.1s-34.4 58-36.2 93.9c-2.1 37-2.1 147.9 0 184.9 1.7 35.9 9.9 67.7 36.2 93.9s58 34.4 93.9 36.2c37 2.1 147.9 2.1 184.9 0 35.9-1.7 67.7-9.9 93.9-36.2 26.2-26.2 34.4-58 36.2-93.9 2.1-37 2.1-147.8 0-184.8zM398.8 388c-7.8 19.6-22.9 34.7-42.6 42.6-29.5 11.7-99.5 9-132.1 9s-102.7 2.6-132.1-9c-19.6-7.8-34.7-22.9-42.6-42.6-11.7-29.5-9-99.5-9-132.1s-2.6-102.7 9-132.1c7.8-19.6 22.9-34.7 42.6-42.6 29.5-11.7 99.5-9 132.1-9s102.7-2.6 132.1 9c19.6 7.8 34.7 22.9 42.6 42.6 11.7 29.5 9 99.5 9 132.1s2.7 102.7-9 132.1z\"><\/path><\/svg>\t\t\t\t\t\t<\/span>\n\t\t\t\t\t\t\t\t\t\t<span class=\"elementor-icon-list-text\">francesca_home_stager<\/span>\n\t\t\t\t\t\t\t\t\t\t\t<\/a>\n\t\t\t\t\t\t\t\t\t<\/li>\n\t\t\t\t\t\t<\/ul>\n\t\t\t\t<\/div>\n\t\t\t\t<\/div>\n\t\t\t\t<\/div>\n\t\t<div class=\"elementor-element elementor-element-d99af2e e-con-full e-flex e-con e-child\" data-id=\"d99af2e\" data-element_type=\"container\">\n\t\t\t\t<div class=\"elementor-element elementor-element-8bfa082 elementor-widget elementor-widget-image\" data-id=\"8bfa082\" data-element_type=\"widget\" data-widget_type=\"image.default\">\n\t\t\t\t<div class=\"elementor-widget-container\">\n\t\t\t\t\t\t\t\t\t\t\t\t\t<img loading=\"lazy\" decoding=\"async\" width=\"698\" height=\"1047\" src=\"https:\/\/nuvoridesign.com\/wp-content\/uploads\/2024\/10\/Ana.jpg\" class=\"attachment-full size-full wp-image-160\" alt=\"\" srcset=\"https:\/\/nuvoridesign.com\/wp-content\/uploads\/2024\/10\/Ana.jpg 698w, https:\/\/nuvoridesign.com\/wp-content\/uploads\/2024\/10\/Ana-200x300.jpg 200w, https:\/\/nuvoridesign.com\/wp-content\/uploads\/2024\/10\/Ana-683x1024.jpg 683w\" sizes=\"(max-width: 698px) 100vw, 698px\" \/>\t\t\t\t\t\t\t\t\t\t\t\t\t<\/div>\n\t\t\t\t<\/div>\n\t\t\t\t<div class=\"elementor-element elementor-element-067ed6a elementor-widget elementor-widget-heading\" data-id=\"067ed6a\" data-element_type=\"widget\" data-widget_type=\"heading.default\">\n\t\t\t\t<div class=\"elementor-widget-container\">\n\t\t\t<p class=\"elementor-heading-title elementor-size-default\">Ana Herrera<\/p>\t\t<\/div>\n\t\t\t\t<\/div>\n\t\t\t\t<div class=\"elementor-element elementor-element-b61eb27 elementor-widget elementor-widget-heading\" data-id=\"b61eb27\" data-element_type=\"widget\" data-widget_type=\"heading.default\">\n\t\t\t\t<div class=\"elementor-widget-container\">\n\t\t\t<p class=\"elementor-heading-title elementor-size-default\"><a href=\"mailto:ana@nuvoridesign.com\">ana@nuvoridesign.com<\/a><\/p>\t\t<\/div>\n\t\t\t\t<\/div>\n\t\t\t\t<div class=\"elementor-element elementor-element-0450f56 elementor-widget elementor-widget-heading\" data-id=\"0450f56\" data-element_type=\"widget\" data-widget_type=\"heading.default\">\n\t\t\t\t<div class=\"elementor-widget-container\">\n\t\t\t<p class=\"elementor-heading-title elementor-size-default\"><a href=\"tel:34659365193\">+34 659 365 193<\/a><\/p>\t\t<\/div>\n\t\t\t\t<\/div>\n\t\t\t\t<div class=\"elementor-element elementor-element-1ef2ad5 elementor-align-center elementor-icon-list--layout-traditional elementor-list-item-link-full_width elementor-widget elementor-widget-icon-list\" data-id=\"1ef2ad5\" data-element_type=\"widget\" data-widget_type=\"icon-list.default\">\n\t\t\t\t<div class=\"elementor-widget-container\">\n\t\t\t\t\t<ul class=\"elementor-icon-list-items\">\n\t\t\t\t\t\t\t<li class=\"elementor-icon-list-item\">\n\t\t\t\t\t\t\t\t\t\t\t<a href=\"https:\/\/www.instagram.com\/ana_herrera_homestaging\/\" target=\"_blank\" rel=\"noopener\">\n\n\t\t\t\t\t\t\t\t\t\t\t\t<span class=\"elementor-icon-list-icon\">\n\t\t\t\t\t\t\t<svg aria-hidden=\"true\" class=\"e-font-icon-svg e-fab-instagram\" viewbox=\"0 0 448 512\" xmlns=\"http:\/\/www.w3.org\/2000\/svg\"><path d=\"M224.1 141c-63.6 0-114.9 51.3-114.9 114.9s51.3 114.9 114.9 114.9S339 319.5 339 255.9 287.7 141 224.1 141zm0 189.6c-41.1 0-74.7-33.5-74.7-74.7s33.5-74.7 74.7-74.7 74.7 33.5 74.7 74.7-33.6 74.7-74.7 74.7zm146.4-194.3c0 14.9-12 26.8-26.8 26.8-14.9 0-26.8-12-26.8-26.8s12-26.8 26.8-26.8 26.8 12 26.8 26.8zm76.1 27.2c-1.7-35.9-9.9-67.7-36.2-93.9-26.2-26.2-58-34.4-93.9-36.2-37-2.1-147.9-2.1-184.9 0-35.8 1.7-67.6 9.9-93.9 36.1s-34.4 58-36.2 93.9c-2.1 37-2.1 147.9 0 184.9 1.7 35.9 9.9 67.7 36.2 93.9s58 34.4 93.9 36.2c37 2.1 147.9 2.1 184.9 0 35.9-1.7 67.7-9.9 93.9-36.2 26.2-26.2 34.4-58 36.2-93.9 2.1-37 2.1-147.8 0-184.8zM398.8 388c-7.8 19.6-22.9 34.7-42.6 42.6-29.5 11.7-99.5 9-132.1 9s-102.7 2.6-132.1-9c-19.6-7.8-34.7-22.9-42.6-42.6-11.7-29.5-9-99.5-9-132.1s-2.6-102.7 9-132.1c7.8-19.6 22.9-34.7 42.6-42.6 29.5-11.7 99.5-9 132.1-9s102.7-2.6 132.1 9c19.6 7.8 34.7 22.9 42.6 42.6 11.7 29.5 9 99.5 9 132.1s2.7 102.7-9 132.1z\"><\/path><\/svg>\t\t\t\t\t\t<\/span>\n\t\t\t\t\t\t\t\t\t\t<span class=\"elementor-icon-list-text\">ana_herrera_homestaging<\/span>\n\t\t\t\t\t\t\t\t\t\t\t<\/a>\n\t\t\t\t\t\t\t\t\t<\/li>\n\t\t\t\t\t\t<\/ul>\n\t\t\t\t<\/div>\n\t\t\t\t<\/div>\n\t\t\t\t<\/div>\n\t\t\t\t<\/div>\n\t\t\t\t<\/div>\n\t\t\t\t\t<\/div>\n\t\t\t\t<\/div>\n\t\t\t\t<\/div>\n\t\t\t\t<\/div>\n\t\t\t\t<\/div>\n\t\t\t\t<\/div>\n\t\t\t\t<\/div>\n\t\t\t\t<\/div>","protected":false},"excerpt":{"rendered":"<p>Fotograf\u00eda Inmobiliaria y estilismo Estilismo que Inspira Personalidad Nuestra pasi\u00f3n por el estilismo se refleja en cada proyecto. Desde la elecci\u00f3n de la paleta de colores hasta la disposici\u00f3n de cada objeto decorativo, trabajamos para que tu espacio cuente una historia \u00fanica y personal. El estilismo adecuado no solo embellece, sino que tambi\u00e9n aporta personalidad [&hellip;]<\/p>","protected":false},"author":1,"featured_media":0,"parent":0,"menu_order":0,"comment_status":"closed","ping_status":"closed","template":"","meta":{"footnotes":""},"class_list":["post-397","page","type-page","status-publish","hentry"],"_links":{"self":[{"href":"https:\/\/nuvoridesign.com\/en\/wp-json\/wp\/v2\/pages\/397"}],"collection":[{"href":"https:\/\/nuvoridesign.com\/en\/wp-json\/wp\/v2\/pages"}],"about":[{"href":"https:\/\/nuvoridesign.com\/en\/wp-json\/wp\/v2\/types\/page"}],"author":[{"embeddable":true,"href":"https:\/\/nuvoridesign.com\/en\/wp-json\/wp\/v2\/users\/1"}],"replies":[{"embeddable":true,"href":"https:\/\/nuvoridesign.com\/en\/wp-json\/wp\/v2\/comments?post=397"}],"version-history":[{"count":67,"href":"https:\/\/nuvoridesign.com\/en\/wp-json\/wp\/v2\/pages\/397\/revisions"}],"predecessor-version":[{"id":1162,"href":"https:\/\/nuvoridesign.com\/en\/wp-json\/wp\/v2\/pages\/397\/revisions\/1162"}],"wp:attachment":[{"href":"https:\/\/nuvoridesign.com\/en\/wp-json\/wp\/v2\/media?parent=397"}],"curies":[{"name":"wp","href":"https:\/\/api.w.org\/{rel}","templated":true}]}}